{"id":153,"date":"2024-04-11T17:17:11","date_gmt":"2024-04-11T15:17:11","guid":{"rendered":"https:\/\/www.hotelfoliedespres.com\/?page_id=153"},"modified":"2025-03-24T16:16:07","modified_gmt":"2025-03-24T15:16:07","slug":"our-hotels","status":"publish","type":"page","link":"https:\/\/www.hotelfoliedespres.com\/en\/nos-hotels\/","title":{"rendered":"Our hotels"},"content":{"rendered":"<div data-elementor-type=\"wp-page\" data-elementor-id=\"153\" class=\"elementor elementor-153\" data-elementor-post-type=\"page\">\n\t\t\t\t<div class=\"elementor-element elementor-element-72ff2e2 e-flex e-con-boxed e-con e-parent\" data-id=\"72ff2e2\" data-element_type=\"container\" data-e-type=\"container\">\n\t\t\t\t\t<div class=\"e-con-inner\">\n\t\t\t\t<div class=\"elementor-element elementor-element-53e5108 animated-title elementor-widget elementor-widget-heading\" data-id=\"53e5108\" data-element_type=\"widget\" data-e-type=\"widget\" data-widget_type=\"heading.default\">\n\t\t\t\t<div class=\"elementor-widget-container\">\n\t\t\t\t\t<h1 class=\"elementor-heading-title elementor-size-default\">Our partner hotels<\/h1>\t\t\t\t<\/div>\n\t\t\t\t<\/div>\n\t\t\t\t\t<\/div>\n\t\t\t\t<\/div>\n\t\t<div class=\"elementor-element elementor-element-b62eebe e-flex e-con-boxed e-con e-parent\" data-id=\"b62eebe\" data-element_type=\"container\" data-e-type=\"container\">\n\t\t\t\t\t<div class=\"e-con-inner\">\n\t\t<div class=\"elementor-element elementor-element-c126537 e-con-full maillage-anim e-flex e-con e-child\" data-id=\"c126537\" data-element_type=\"container\" data-e-type=\"container\">\n\t\t<div class=\"elementor-element elementor-element-90bfc50 e-con-full e-flex e-con e-child\" data-id=\"90bfc50\" data-element_type=\"container\" data-e-type=\"container\">\n\t\t\t\t<div class=\"elementor-element elementor-element-f69f8f0 elementor-widget__width-initial elementor-widget elementor-widget-image\" data-id=\"f69f8f0\" data-element_type=\"widget\" data-e-type=\"widget\" data-widget_type=\"image.default\">\n\t\t\t\t<div class=\"elementor-widget-container\">\n\t\t\t\t\t\t\t\t\t\t\t\t\t\t\t<img fetchpriority=\"high\" decoding=\"async\" width=\"1708\" height=\"2560\" src=\"https:\/\/www.hotelfoliedespres.com\/wp-content\/uploads\/2024\/07\/B39A3991.5-scaled.jpg\" class=\"attachment-full size-full wp-image-2658\" alt=\"\" srcset=\"https:\/\/www.hotelfoliedespres.com\/wp-content\/uploads\/2024\/07\/B39A3991.5-scaled.jpg 1708w, https:\/\/www.hotelfoliedespres.com\/wp-content\/uploads\/2024\/07\/B39A3991.5-200x300.jpg 200w, https:\/\/www.hotelfoliedespres.com\/wp-content\/uploads\/2024\/07\/B39A3991.5-683x1024.jpg 683w, https:\/\/www.hotelfoliedespres.com\/wp-content\/uploads\/2024\/07\/B39A3991.5-768x1151.jpg 768w, https:\/\/www.hotelfoliedespres.com\/wp-content\/uploads\/2024\/07\/B39A3991.5-1025x1536.jpg 1025w, https:\/\/www.hotelfoliedespres.com\/wp-content\/uploads\/2024\/07\/B39A3991.5-1366x2048.jpg 1366w, https:\/\/www.hotelfoliedespres.com\/wp-content\/uploads\/2024\/07\/B39A3991.5-8x12.jpg 8w\" sizes=\"(max-width: 1708px) 100vw, 1708px\" title=\"\">\t\t\t\t\t\t\t\t\t\t\t\t\t\t\t<\/div>\n\t\t\t\t<\/div>\n\t\t\t\t<div class=\"elementor-element elementor-element-edcffe6 elementor-widget__width-initial elementor-widget elementor-widget-image\" data-id=\"edcffe6\" data-element_type=\"widget\" data-e-type=\"widget\" data-widget_type=\"image.default\">\n\t\t\t\t<div class=\"elementor-widget-container\">\n\t\t\t\t\t\t\t\t\t\t\t\t\t\t\t<img decoding=\"async\" width=\"1707\" height=\"2560\" src=\"https:\/\/www.hotelfoliedespres.com\/wp-content\/uploads\/2024\/07\/DSC09596-scaled.jpg\" class=\"attachment-full size-full wp-image-2659\" alt=\"\" srcset=\"https:\/\/www.hotelfoliedespres.com\/wp-content\/uploads\/2024\/07\/DSC09596-scaled.jpg 1707w, https:\/\/www.hotelfoliedespres.com\/wp-content\/uploads\/2024\/07\/DSC09596-200x300.jpg 200w, https:\/\/www.hotelfoliedespres.com\/wp-content\/uploads\/2024\/07\/DSC09596-683x1024.jpg 683w, https:\/\/www.hotelfoliedespres.com\/wp-content\/uploads\/2024\/07\/DSC09596-768x1152.jpg 768w, https:\/\/www.hotelfoliedespres.com\/wp-content\/uploads\/2024\/07\/DSC09596-1024x1536.jpg 1024w, https:\/\/www.hotelfoliedespres.com\/wp-content\/uploads\/2024\/07\/DSC09596-1365x2048.jpg 1365w, https:\/\/www.hotelfoliedespres.com\/wp-content\/uploads\/2024\/07\/DSC09596-8x12.jpg 8w\" sizes=\"(max-width: 1707px) 100vw, 1707px\" title=\"\">\t\t\t\t\t\t\t\t\t\t\t\t\t\t\t<\/div>\n\t\t\t\t<\/div>\n\t\t\t\t<\/div>\n\t\t<div class=\"elementor-element elementor-element-0363548 e-con-full e-flex e-con e-child\" data-id=\"0363548\" data-element_type=\"container\" data-e-type=\"container\">\n\t\t\t\t<div class=\"elementor-element elementor-element-cfb8534 elementor-widget elementor-widget-heading\" data-id=\"cfb8534\" data-element_type=\"widget\" data-e-type=\"widget\" data-widget_type=\"heading.default\">\n\t\t\t\t<div class=\"elementor-widget-container\">\n\t\t\t\t\t<h2 class=\"elementor-heading-title elementor-size-default\">Hotel de fleurie<\/h2>\t\t\t\t<\/div>\n\t\t\t\t<\/div>\n\t\t<div class=\"elementor-element elementor-element-25fe735 e-con-full e-flex e-con e-child\" data-id=\"25fe735\" data-element_type=\"container\" data-e-type=\"container\">\n\t\t\t\t<div class=\"elementor-element elementor-element-c9b6d30 elementor-widget elementor-widget-text-editor\" data-id=\"c9b6d30\" data-element_type=\"widget\" data-e-type=\"widget\" data-widget_type=\"text-editor.default\">\n\t\t\t\t<div class=\"elementor-widget-container\">\n\t\t\t\t\t\t\t\t\t<p>Discover the timeless elegance of our sister hotel, the H\u00f4tel de Fleurie, ideally located in the heart of Paris.<br \/>located just a few steps from the H\u00f4tel La Folie des Pr\u00e9s, next to the Boulevard de Saint Germain.<\/p>\t\t\t\t\t\t\t\t<\/div>\n\t\t\t\t<\/div>\n\t\t\t\t<\/div>\n\t\t\t\t<div class=\"elementor-element elementor-element-869d465 btn-fleche elementor-widget elementor-widget-button\" data-id=\"869d465\" data-element_type=\"widget\" data-e-type=\"widget\" data-widget_type=\"button.default\">\n\t\t\t\t<div class=\"elementor-widget-container\">\n\t\t\t\t\t\t\t\t\t<div class=\"elementor-button-wrapper\">\n\t\t\t\t\t<a class=\"elementor-button elementor-button-link elementor-size-sm\" href=\"https:\/\/www.hoteldefleurieparis.com\/\" rel=\"nofollow noopener\" target=\"_blank\">\n\t\t\t\t\t\t<span class=\"elementor-button-content-wrapper\">\n\t\t\t\t\t\t\t\t\t<span class=\"elementor-button-text\">Visit the website<\/span>\n\t\t\t\t\t<\/span>\n\t\t\t\t\t<\/a>\n\t\t\t\t<\/div>\n\t\t\t\t\t\t\t\t<\/div>\n\t\t\t\t<\/div>\n\t\t\t\t<\/div>\n\t\t\t\t<\/div>\n\t\t<div class=\"elementor-element elementor-element-2fce66b e-con-full maillage-anim e-flex e-con e-child\" data-id=\"2fce66b\" data-element_type=\"container\" data-e-type=\"container\">\n\t\t<div class=\"elementor-element elementor-element-610cae3 e-con-full e-flex e-con e-child\" data-id=\"610cae3\" data-element_type=\"container\" data-e-type=\"container\">\n\t\t\t\t<div class=\"elementor-element elementor-element-240316d elementor-widget__width-initial elementor-widget elementor-widget-image\" data-id=\"240316d\" data-element_type=\"widget\" data-e-type=\"widget\" data-widget_type=\"image.default\">\n\t\t\t\t<div class=\"elementor-widget-container\">\n\t\t\t\t\t\t\t\t\t\t\t\t\t\t\t<img decoding=\"async\" width=\"1000\" height=\"668\" src=\"https:\/\/www.hotelfoliedespres.com\/wp-content\/uploads\/2024\/12\/locomo-chambre.png\" class=\"attachment-full size-full wp-image-3957\" alt=\"\" srcset=\"https:\/\/www.hotelfoliedespres.com\/wp-content\/uploads\/2024\/12\/locomo-chambre.png 1000w, https:\/\/www.hotelfoliedespres.com\/wp-content\/uploads\/2024\/12\/locomo-chambre-300x200.png 300w, https:\/\/www.hotelfoliedespres.com\/wp-content\/uploads\/2024\/12\/locomo-chambre-768x513.png 768w, https:\/\/www.hotelfoliedespres.com\/wp-content\/uploads\/2024\/12\/locomo-chambre-18x12.png 18w\" sizes=\"(max-width: 1000px) 100vw, 1000px\" title=\"\">\t\t\t\t\t\t\t\t\t\t\t\t\t\t\t<\/div>\n\t\t\t\t<\/div>\n\t\t\t\t<div class=\"elementor-element elementor-element-47e63c0 elementor-widget__width-initial elementor-widget elementor-widget-image\" data-id=\"47e63c0\" data-element_type=\"widget\" data-e-type=\"widget\" data-widget_type=\"image.default\">\n\t\t\t\t<div class=\"elementor-widget-container\">\n\t\t\t\t\t\t\t\t\t\t\t\t\t\t\t<img loading=\"lazy\" decoding=\"async\" width=\"2048\" height=\"2560\" src=\"https:\/\/www.hotelfoliedespres.com\/wp-content\/uploads\/2024\/07\/hotellocomo_022023_mathilde-50-scaled.jpg\" class=\"attachment-full size-full wp-image-2657\" alt=\"\" srcset=\"https:\/\/www.hotelfoliedespres.com\/wp-content\/uploads\/2024\/07\/hotellocomo_022023_mathilde-50-scaled.jpg 2048w, https:\/\/www.hotelfoliedespres.com\/wp-content\/uploads\/2024\/07\/hotellocomo_022023_mathilde-50-240x300.jpg 240w, https:\/\/www.hotelfoliedespres.com\/wp-content\/uploads\/2024\/07\/hotellocomo_022023_mathilde-50-819x1024.jpg 819w, https:\/\/www.hotelfoliedespres.com\/wp-content\/uploads\/2024\/07\/hotellocomo_022023_mathilde-50-768x960.jpg 768w, https:\/\/www.hotelfoliedespres.com\/wp-content\/uploads\/2024\/07\/hotellocomo_022023_mathilde-50-1229x1536.jpg 1229w, https:\/\/www.hotelfoliedespres.com\/wp-content\/uploads\/2024\/07\/hotellocomo_022023_mathilde-50-1638x2048.jpg 1638w, https:\/\/www.hotelfoliedespres.com\/wp-content\/uploads\/2024\/07\/hotellocomo_022023_mathilde-50-10x12.jpg 10w\" sizes=\"(max-width: 2048px) 100vw, 2048px\" title=\"\">\t\t\t\t\t\t\t\t\t\t\t\t\t\t\t<\/div>\n\t\t\t\t<\/div>\n\t\t\t\t<\/div>\n\t\t<div class=\"elementor-element elementor-element-be3951b e-con-full e-flex e-con e-child\" data-id=\"be3951b\" data-element_type=\"container\" data-e-type=\"container\">\n\t\t\t\t<div class=\"elementor-element elementor-element-642156a elementor-widget elementor-widget-heading\" data-id=\"642156a\" data-element_type=\"widget\" data-e-type=\"widget\" data-widget_type=\"heading.default\">\n\t\t\t\t<div class=\"elementor-widget-container\">\n\t\t\t\t\t<h2 class=\"elementor-heading-title elementor-size-default\">Locomo Hotel<\/h2>\t\t\t\t<\/div>\n\t\t\t\t<\/div>\n\t\t<div class=\"elementor-element elementor-element-115e9f9 e-con-full e-flex e-con e-child\" data-id=\"115e9f9\" data-element_type=\"container\" data-e-type=\"container\">\n\t\t\t\t<div class=\"elementor-element elementor-element-a41f3a7 elementor-widget elementor-widget-text-editor\" data-id=\"a41f3a7\" data-element_type=\"widget\" data-e-type=\"widget\" data-widget_type=\"text-editor.default\">\n\t\t\t\t<div class=\"elementor-widget-container\">\n\t\t\t\t\t\t\t\t\t<p>Close to Gare de Lyon, the 3-star LOCOMO hotel is sure to please.<br \/>surprise! Ideal for long or short stays, for business or pleasure.<br \/>Hammam, meeting rooms, restaurant... this hotel adapts to your every need.<\/p>\t\t\t\t\t\t\t\t<\/div>\n\t\t\t\t<\/div>\n\t\t\t\t<\/div>\n\t\t\t\t<div class=\"elementor-element elementor-element-12daa87 btn-fleche elementor-widget elementor-widget-button\" data-id=\"12daa87\" data-element_type=\"widget\" data-e-type=\"widget\" data-widget_type=\"button.default\">\n\t\t\t\t<div class=\"elementor-widget-container\">\n\t\t\t\t\t\t\t\t\t<div class=\"elementor-button-wrapper\">\n\t\t\t\t\t<a class=\"elementor-button elementor-button-link elementor-size-sm\" href=\"https:\/\/hotel-locomo-paris-gare-de-lyon.com\/\" rel=\"nofollow noopener\" target=\"_blank\">\n\t\t\t\t\t\t<span class=\"elementor-button-content-wrapper\">\n\t\t\t\t\t\t\t\t\t<span class=\"elementor-button-text\">Visit the website<\/span>\n\t\t\t\t\t<\/span>\n\t\t\t\t\t<\/a>\n\t\t\t\t<\/div>\n\t\t\t\t\t\t\t\t<\/div>\n\t\t\t\t<\/div>\n\t\t\t\t<\/div>\n\t\t\t\t<\/div>\n\t\t<div class=\"elementor-element elementor-element-36d61c5 e-con-full maillage-anim e-flex e-con e-child\" data-id=\"36d61c5\" data-element_type=\"container\" data-e-type=\"container\">\n\t\t<div class=\"elementor-element elementor-element-3dee0c0 e-con-full e-flex e-con e-child\" data-id=\"3dee0c0\" data-element_type=\"container\" data-e-type=\"container\">\n\t\t\t\t<div class=\"elementor-element elementor-element-b54b917 elementor-widget__width-initial elementor-widget elementor-widget-image\" data-id=\"b54b917\" data-element_type=\"widget\" data-e-type=\"widget\" data-widget_type=\"image.default\">\n\t\t\t\t<div class=\"elementor-widget-container\">\n\t\t\t\t\t\t\t\t\t\t\t\t\t\t\t<img loading=\"lazy\" decoding=\"async\" width=\"1200\" height=\"1799\" src=\"https:\/\/www.hotelfoliedespres.com\/wp-content\/uploads\/2024\/12\/HOTEL-MADAME-DROUOT-CHAMBRE-CLAS.jpg\" class=\"attachment-full size-full wp-image-3951\" alt=\"\" srcset=\"https:\/\/www.hotelfoliedespres.com\/wp-content\/uploads\/2024\/12\/HOTEL-MADAME-DROUOT-CHAMBRE-CLAS.jpg 1200w, https:\/\/www.hotelfoliedespres.com\/wp-content\/uploads\/2024\/12\/HOTEL-MADAME-DROUOT-CHAMBRE-CLAS-200x300.jpg 200w, https:\/\/www.hotelfoliedespres.com\/wp-content\/uploads\/2024\/12\/HOTEL-MADAME-DROUOT-CHAMBRE-CLAS-683x1024.jpg 683w, https:\/\/www.hotelfoliedespres.com\/wp-content\/uploads\/2024\/12\/HOTEL-MADAME-DROUOT-CHAMBRE-CLAS-768x1151.jpg 768w, https:\/\/www.hotelfoliedespres.com\/wp-content\/uploads\/2024\/12\/HOTEL-MADAME-DROUOT-CHAMBRE-CLAS-1025x1536.jpg 1025w, https:\/\/www.hotelfoliedespres.com\/wp-content\/uploads\/2024\/12\/HOTEL-MADAME-DROUOT-CHAMBRE-CLAS-8x12.jpg 8w\" sizes=\"(max-width: 1200px) 100vw, 1200px\" title=\"\">\t\t\t\t\t\t\t\t\t\t\t\t\t\t\t<\/div>\n\t\t\t\t<\/div>\n\t\t\t\t<div class=\"elementor-element elementor-element-c285889 elementor-widget__width-initial elementor-widget elementor-widget-image\" data-id=\"c285889\" data-element_type=\"widget\" data-e-type=\"widget\" data-widget_type=\"image.default\">\n\t\t\t\t<div class=\"elementor-widget-container\">\n\t\t\t\t\t\t\t\t\t\t\t\t\t\t\t<img loading=\"lazy\" decoding=\"async\" width=\"1200\" height=\"1799\" src=\"https:\/\/www.hotelfoliedespres.com\/wp-content\/uploads\/2024\/12\/HOTEL-MADAME-DROUOT-CHAMBRE-CLAS-1.jpg\" class=\"attachment-full size-full wp-image-3952\" alt=\"\" srcset=\"https:\/\/www.hotelfoliedespres.com\/wp-content\/uploads\/2024\/12\/HOTEL-MADAME-DROUOT-CHAMBRE-CLAS-1.jpg 1200w, https:\/\/www.hotelfoliedespres.com\/wp-content\/uploads\/2024\/12\/HOTEL-MADAME-DROUOT-CHAMBRE-CLAS-1-200x300.jpg 200w, https:\/\/www.hotelfoliedespres.com\/wp-content\/uploads\/2024\/12\/HOTEL-MADAME-DROUOT-CHAMBRE-CLAS-1-683x1024.jpg 683w, https:\/\/www.hotelfoliedespres.com\/wp-content\/uploads\/2024\/12\/HOTEL-MADAME-DROUOT-CHAMBRE-CLAS-1-768x1151.jpg 768w, https:\/\/www.hotelfoliedespres.com\/wp-content\/uploads\/2024\/12\/HOTEL-MADAME-DROUOT-CHAMBRE-CLAS-1-1025x1536.jpg 1025w, https:\/\/www.hotelfoliedespres.com\/wp-content\/uploads\/2024\/12\/HOTEL-MADAME-DROUOT-CHAMBRE-CLAS-1-8x12.jpg 8w\" sizes=\"(max-width: 1200px) 100vw, 1200px\" title=\"\">\t\t\t\t\t\t\t\t\t\t\t\t\t\t\t<\/div>\n\t\t\t\t<\/div>\n\t\t\t\t<\/div>\n\t\t<div class=\"elementor-element elementor-element-919909c e-con-full e-flex e-con e-child\" data-id=\"919909c\" data-element_type=\"container\" data-e-type=\"container\">\n\t\t\t\t<div class=\"elementor-element elementor-element-de608f1 elementor-widget elementor-widget-heading\" data-id=\"de608f1\" data-element_type=\"widget\" data-e-type=\"widget\" data-widget_type=\"heading.default\">\n\t\t\t\t<div class=\"elementor-widget-container\">\n\t\t\t\t\t<h2 class=\"elementor-heading-title elementor-size-default\">Madame Drouot Hotel &amp; Spa<\/h2>\t\t\t\t<\/div>\n\t\t\t\t<\/div>\n\t\t<div class=\"elementor-element elementor-element-9ec17ba e-con-full e-flex e-con e-child\" data-id=\"9ec17ba\" data-element_type=\"container\" data-e-type=\"container\">\n\t\t\t\t<div class=\"elementor-element elementor-element-7ef8e65 elementor-widget elementor-widget-text-editor\" data-id=\"7ef8e65\" data-element_type=\"widget\" data-e-type=\"widget\" data-widget_type=\"text-editor.default\">\n\t\t\t\t<div class=\"elementor-widget-container\">\n\t\t\t\t\t\t\t\t\t<p>Inspired by the Haussmann and bourgeois flats of the period, talented architect and interior designer St\u00e9phanie Coutas has designed Madame Drouot as a confidential address, where architecture and decoration combine to create a truly charming interlude in the heart of Paris's 9th arrondissement.<\/p>\t\t\t\t\t\t\t\t<\/div>\n\t\t\t\t<\/div>\n\t\t\t\t<\/div>\n\t\t\t\t<div class=\"elementor-element elementor-element-8453a86 btn-fleche elementor-widget elementor-widget-button\" data-id=\"8453a86\" data-element_type=\"widget\" data-e-type=\"widget\" data-widget_type=\"button.default\">\n\t\t\t\t<div class=\"elementor-widget-container\">\n\t\t\t\t\t\t\t\t\t<div class=\"elementor-button-wrapper\">\n\t\t\t\t\t<a class=\"elementor-button elementor-button-link elementor-size-sm\" href=\"https:\/\/www.madamedrouot.com\/\" rel=\"nofollow noopener\" target=\"_blank\">\n\t\t\t\t\t\t<span class=\"elementor-button-content-wrapper\">\n\t\t\t\t\t\t\t\t\t<span class=\"elementor-button-text\">Visit the website<\/span>\n\t\t\t\t\t<\/span>\n\t\t\t\t\t<\/a>\n\t\t\t\t<\/div>\n\t\t\t\t\t\t\t\t<\/div>\n\t\t\t\t<\/div>\n\t\t\t\t<\/div>\n\t\t\t\t<\/div>\n\t\t\t\t\t<\/div>\n\t\t\t\t<\/div>\n\t\t\t\t<\/div>","protected":false},"excerpt":{"rendered":"<p>Nos h\u00f4tels partenaires H\u00f4tel de fleurie D\u00e9couvrez l&rsquo;\u00e9l\u00e9gance intemporelle de notre h\u00f4tel fr\u00e8re l&rsquo;H\u00f4tel de Fleurie, id\u00e9alementsitu\u00e9 \u00e0 quelques pas de l&rsquo;H\u00f4tel La Folie des Pr\u00e9s, \u00e0 c\u00f4t\u00e9 du Boulevard de Saint Germain. Visiter le site H\u00f4tel Locomo Proche de la Gare de Lyon, l\u2019h\u00f4tel LOCOMO cet h\u00f4tel 3 \u00e9toiles ne cessera de voussurprendre ! [&hellip;]<\/p>\n","protected":false},"author":13,"featured_media":0,"parent":0,"menu_order":0,"comment_status":"closed","ping_status":"closed","template":"","meta":{"inline_featured_image":false,"footnotes":""},"class_list":["post-153","page","type-page","status-publish","hentry"],"_links":{"self":[{"href":"https:\/\/www.hotelfoliedespres.com\/en\/wp-json\/wp\/v2\/pages\/153","targetHints":{"allow":["GET"]}}],"collection":[{"href":"https:\/\/www.hotelfoliedespres.com\/en\/wp-json\/wp\/v2\/pages"}],"about":[{"href":"https:\/\/www.hotelfoliedespres.com\/en\/wp-json\/wp\/v2\/types\/page"}],"author":[{"embeddable":true,"href":"https:\/\/www.hotelfoliedespres.com\/en\/wp-json\/wp\/v2\/users\/13"}],"replies":[{"embeddable":true,"href":"https:\/\/www.hotelfoliedespres.com\/en\/wp-json\/wp\/v2\/comments?post=153"}],"version-history":[{"count":104,"href":"https:\/\/www.hotelfoliedespres.com\/en\/wp-json\/wp\/v2\/pages\/153\/revisions"}],"predecessor-version":[{"id":4531,"href":"https:\/\/www.hotelfoliedespres.com\/en\/wp-json\/wp\/v2\/pages\/153\/revisions\/4531"}],"wp:attachment":[{"href":"https:\/\/www.hotelfoliedespres.com\/en\/wp-json\/wp\/v2\/media?parent=153"}],"curies":[{"name":"wp","href":"https:\/\/api.w.org\/{rel}","templated":true}]}}