{"id":147,"date":"2024-04-11T17:16:03","date_gmt":"2024-04-11T15:16:03","guid":{"rendered":"https:\/\/www.hotelfoliedespres.com\/?page_id=147"},"modified":"2025-01-03T16:54:49","modified_gmt":"2025-01-03T15:54:49","slug":"faq","status":"publish","type":"page","link":"https:\/\/www.hotelfoliedespres.com\/es\/faq\/","title":{"rendered":"PREGUNTAS FRECUENTES"},"content":{"rendered":"<div data-elementor-type=\"wp-page\" data-elementor-id=\"147\" class=\"elementor elementor-147\" data-elementor-post-type=\"page\">\n\t\t\t\t<div class=\"elementor-element elementor-element-01ba896 e-flex e-con-boxed e-con e-parent\" data-id=\"01ba896\" data-element_type=\"container\" data-e-type=\"container\">\n\t\t\t\t\t<div class=\"e-con-inner\">\n\t\t<div class=\"elementor-element elementor-element-40535e9 e-con-full e-flex e-con e-child\" data-id=\"40535e9\" data-element_type=\"container\" data-e-type=\"container\">\n\t\t<div class=\"elementor-element elementor-element-738c223 e-con-full e-flex e-con e-child\" data-id=\"738c223\" data-element_type=\"container\" data-e-type=\"container\">\n\t\t\t\t<div class=\"elementor-element elementor-element-b58cba2 elementor-widget elementor-widget-heading\" data-id=\"b58cba2\" data-element_type=\"widget\" data-e-type=\"widget\" data-widget_type=\"heading.default\">\n\t\t\t\t<div class=\"elementor-widget-container\">\n\t\t\t\t\t<span class=\"elementor-heading-title elementor-size-default\">\u00bfA qu\u00e9 hora podemos tomar posesi\u00f3n de la habitaci\u00f3n?<\/span>\t\t\t\t<\/div>\n\t\t\t\t<\/div>\n\t\t\t\t<div class=\"elementor-element elementor-element-518b74e elementor-widget elementor-widget-text-editor\" data-id=\"518b74e\" data-element_type=\"widget\" data-e-type=\"widget\" data-widget_type=\"text-editor.default\">\n\t\t\t\t<div class=\"elementor-widget-container\">\n\t\t\t\t\t\t\t\t\t<p>Las llegadas son <strong>de<\/strong> <strong>15h<\/strong>.<\/p>\t\t\t\t\t\t\t\t<\/div>\n\t\t\t\t<\/div>\n\t\t\t\t<\/div>\n\t\t<div class=\"elementor-element elementor-element-1145c53 e-con-full e-flex e-con e-child\" data-id=\"1145c53\" data-element_type=\"container\" data-e-type=\"container\">\n\t\t\t\t<div class=\"elementor-element elementor-element-bf4b845 elementor-widget elementor-widget-heading\" data-id=\"bf4b845\" data-element_type=\"widget\" data-e-type=\"widget\" data-widget_type=\"heading.default\">\n\t\t\t\t<div class=\"elementor-widget-container\">\n\t\t\t\t\t<span class=\"elementor-heading-title elementor-size-default\">\u00bfPueden alojarse en el hotel personas con movilidad reducida?<\/span>\t\t\t\t<\/div>\n\t\t\t\t<\/div>\n\t\t\t\t<div class=\"elementor-element elementor-element-607d339 elementor-widget elementor-widget-text-editor\" data-id=\"607d339\" data-element_type=\"widget\" data-e-type=\"widget\" data-widget_type=\"text-editor.default\">\n\t\t\t\t<div class=\"elementor-widget-container\">\n\t\t\t\t\t\t\t\t\t<p>El hotel <strong>no es accesible para personas con movilidad reducida<\/strong>.<\/p>\t\t\t\t\t\t\t\t<\/div>\n\t\t\t\t<\/div>\n\t\t\t\t<\/div>\n\t\t<div class=\"elementor-element elementor-element-fb4d015 e-con-full e-flex e-con e-child\" data-id=\"fb4d015\" data-element_type=\"container\" data-e-type=\"container\">\n\t\t\t\t<div class=\"elementor-element elementor-element-3ec8c9e elementor-widget elementor-widget-heading\" data-id=\"3ec8c9e\" data-element_type=\"widget\" data-e-type=\"widget\" data-widget_type=\"heading.default\">\n\t\t\t\t<div class=\"elementor-widget-container\">\n\t\t\t\t\t<span class=\"elementor-heading-title elementor-size-default\">\u00bfHay ascensor en el H\u00f4tel de Saint Germain?<\/span>\t\t\t\t<\/div>\n\t\t\t\t<\/div>\n\t\t\t\t<div class=\"elementor-element elementor-element-8e2c989 elementor-widget elementor-widget-text-editor\" data-id=\"8e2c989\" data-element_type=\"widget\" data-e-type=\"widget\" data-widget_type=\"text-editor.default\">\n\t\t\t\t<div class=\"elementor-widget-container\">\n\t\t\t\t\t\t\t\t\t<p>El hotel La Folie des Pr\u00e9s, compuesto por<strong> 6 pisos<\/strong>est\u00e1 equipado con un <strong>ascensor<\/strong> sirviendo a<br \/>a la 5\u00aa planta.<\/p>\t\t\t\t\t\t\t\t<\/div>\n\t\t\t\t<\/div>\n\t\t\t\t<\/div>\n\t\t<div class=\"elementor-element elementor-element-77eb0bc e-con-full e-flex e-con e-child\" data-id=\"77eb0bc\" data-element_type=\"container\" data-e-type=\"container\">\n\t\t\t\t<div class=\"elementor-element elementor-element-ec66a30 elementor-widget elementor-widget-heading\" data-id=\"ec66a30\" data-element_type=\"widget\" data-e-type=\"widget\" data-widget_type=\"heading.default\">\n\t\t\t\t<div class=\"elementor-widget-container\">\n\t\t\t\t\t<span class=\"elementor-heading-title elementor-size-default\">\u00bfA qu\u00e9 hora debe desalojarse la habitaci\u00f3n a la salida?<\/span>\t\t\t\t<\/div>\n\t\t\t\t<\/div>\n\t\t\t\t<div class=\"elementor-element elementor-element-af21f86 elementor-widget elementor-widget-text-editor\" data-id=\"af21f86\" data-element_type=\"widget\" data-e-type=\"widget\" data-widget_type=\"text-editor.default\">\n\t\t\t\t<div class=\"elementor-widget-container\">\n\t\t\t\t\t\t\t\t\t<p>La hora m\u00e1xima de salida est\u00e1 fijada en <strong>12h.<\/strong><\/p>\t\t\t\t\t\t\t\t<\/div>\n\t\t\t\t<\/div>\n\t\t\t\t<\/div>\n\t\t<div class=\"elementor-element elementor-element-4114261 e-con-full e-flex e-con e-child\" data-id=\"4114261\" data-element_type=\"container\" data-e-type=\"container\">\n\t\t\t\t<div class=\"elementor-element elementor-element-da1468f elementor-widget elementor-widget-heading\" data-id=\"da1468f\" data-element_type=\"widget\" data-e-type=\"widget\" data-widget_type=\"heading.default\">\n\t\t\t\t<div class=\"elementor-widget-container\">\n\t\t\t\t\t<span class=\"elementor-heading-title elementor-size-default\">\u00bfCu\u00e1l es el horario de recepci\u00f3n?<\/span>\t\t\t\t<\/div>\n\t\t\t\t<\/div>\n\t\t\t\t<div class=\"elementor-element elementor-element-f79b7ed elementor-widget elementor-widget-text-editor\" data-id=\"f79b7ed\" data-element_type=\"widget\" data-e-type=\"widget\" data-widget_type=\"text-editor.default\">\n\t\t\t\t<div class=\"elementor-widget-container\">\n\t\t\t\t\t\t\t\t\t<p>La recepci\u00f3n de nuestro hotel con encanto en el barrio de Saint-Germain-des-Pr\u00e9s es<br \/><strong>abierto 24 horas al d\u00eda, 7 d\u00edas a la semana<\/strong><\/p>\t\t\t\t\t\t\t\t<\/div>\n\t\t\t\t<\/div>\n\t\t\t\t<\/div>\n\t\t<div class=\"elementor-element elementor-element-08f6fd4 e-con-full e-flex e-con e-child\" data-id=\"08f6fd4\" data-element_type=\"container\" data-e-type=\"container\">\n\t\t\t\t<div class=\"elementor-element elementor-element-0a164ab elementor-widget elementor-widget-heading\" data-id=\"0a164ab\" data-element_type=\"widget\" data-e-type=\"widget\" data-widget_type=\"heading.default\">\n\t\t\t\t<div class=\"elementor-widget-container\">\n\t\t\t\t\t<span class=\"elementor-heading-title elementor-size-default\">\u00bfDisponen de cuna?<\/span>\t\t\t\t<\/div>\n\t\t\t\t<\/div>\n\t\t\t\t<div class=\"elementor-element elementor-element-33d7166 elementor-widget elementor-widget-text-editor\" data-id=\"33d7166\" data-element_type=\"widget\" data-e-type=\"widget\" data-widget_type=\"text-editor.default\">\n\t\t\t\t<div class=\"elementor-widget-container\">\n\t\t\t\t\t\t\t\t\t<p>Ofrecemos <strong>cunas gratuitas previa petici\u00f3n<\/strong> para que pueda<br \/>aproveche al m\u00e1ximo la estancia con su hijo.<\/p>\t\t\t\t\t\t\t\t<\/div>\n\t\t\t\t<\/div>\n\t\t\t\t<\/div>\n\t\t<div class=\"elementor-element elementor-element-c228461 e-con-full e-flex e-con e-child\" data-id=\"c228461\" data-element_type=\"container\" data-e-type=\"container\">\n\t\t\t\t<div class=\"elementor-element elementor-element-79fc1a8 elementor-widget elementor-widget-heading\" data-id=\"79fc1a8\" data-element_type=\"widget\" data-e-type=\"widget\" data-widget_type=\"heading.default\">\n\t\t\t\t<div class=\"elementor-widget-container\">\n\t\t\t\t\t<span class=\"elementor-heading-title elementor-size-default\">\u00bfHay acceso a Internet en todo el hotel?<\/span>\t\t\t\t<\/div>\n\t\t\t\t<\/div>\n\t\t\t\t<div class=\"elementor-element elementor-element-a8efee2 elementor-widget elementor-widget-text-editor\" data-id=\"a8efee2\" data-element_type=\"widget\" data-e-type=\"widget\" data-widget_type=\"text-editor.default\">\n\t\t\t\t<div class=\"elementor-widget-container\">\n\t\t\t\t\t\t\t\t\t<p><strong>Acceso gratuito a Internet Wifi<\/strong> en todo el<br \/>Hotel La Folie des Pr\u00e9s.<\/p>\t\t\t\t\t\t\t\t<\/div>\n\t\t\t\t<\/div>\n\t\t\t\t<\/div>\n\t\t<div class=\"elementor-element elementor-element-5033999 e-con-full e-flex e-con e-child\" data-id=\"5033999\" data-element_type=\"container\" data-e-type=\"container\">\n\t\t\t\t<div class=\"elementor-element elementor-element-c2f632e elementor-widget elementor-widget-heading\" data-id=\"c2f632e\" data-element_type=\"widget\" data-e-type=\"widget\" data-widget_type=\"heading.default\">\n\t\t\t\t<div class=\"elementor-widget-container\">\n\t\t\t\t\t<span class=\"elementor-heading-title elementor-size-default\">\u00bfTienen caja fuerte las habitaciones?<\/span>\t\t\t\t<\/div>\n\t\t\t\t<\/div>\n\t\t\t\t<div class=\"elementor-element elementor-element-948bc20 elementor-widget elementor-widget-text-editor\" data-id=\"948bc20\" data-element_type=\"widget\" data-e-type=\"widget\" data-widget_type=\"text-editor.default\">\n\t\t\t\t<div class=\"elementor-widget-container\">\n\t\t\t\t\t\t\t\t\t<p>Cada una de las habitaciones del hotel La Folie des Pr\u00e9s <strong>tiene una caja fuerte.<\/strong><\/p>\t\t\t\t\t\t\t\t<\/div>\n\t\t\t\t<\/div>\n\t\t\t\t<\/div>\n\t\t<div class=\"elementor-element elementor-element-44e3a17 e-con-full e-flex e-con e-child\" data-id=\"44e3a17\" data-element_type=\"container\" data-e-type=\"container\">\n\t\t\t\t<div class=\"elementor-element elementor-element-1ac4617 elementor-widget elementor-widget-heading\" data-id=\"1ac4617\" data-element_type=\"widget\" data-e-type=\"widget\" data-widget_type=\"heading.default\">\n\t\t\t\t<div class=\"elementor-widget-container\">\n\t\t\t\t\t<span class=\"elementor-heading-title elementor-size-default\">\u00bfCu\u00e1les son las mejores horas para desayunar?<\/span>\t\t\t\t<\/div>\n\t\t\t\t<\/div>\n\t\t\t\t<div class=\"elementor-element elementor-element-60f1fa7 elementor-widget elementor-widget-text-editor\" data-id=\"60f1fa7\" data-element_type=\"widget\" data-e-type=\"widget\" data-widget_type=\"text-editor.default\">\n\t\t\t\t<div class=\"elementor-widget-container\">\n\t\t\t\t\t\t\t\t\t<p>En colaboraci\u00f3n con la cafeter\u00eda <strong><a href=\"https:\/\/www.cafe-louise.fr\/\" rel=\"nofollow noopener\" target=\"_blank\">Caf\u00e9 Louise<\/a> De lunes a domingo, de 7.00 a 11.00 horas<\/strong>.<\/p>\t\t\t\t\t\t\t\t<\/div>\n\t\t\t\t<\/div>\n\t\t\t\t<\/div>\n\t\t\t\t<\/div>\n\t\t<div class=\"elementor-element elementor-element-7b6709f e-con-full elementor-hidden-tablet elementor-hidden-mobile e-flex e-con e-child\" data-id=\"7b6709f\" data-element_type=\"container\" data-e-type=\"container\">\n\t\t\t\t<div class=\"elementor-element elementor-element-329c478 elementor-widget__width-initial elementor-widget elementor-widget-image\" data-id=\"329c478\" data-element_type=\"widget\" data-e-type=\"widget\" data-widget_type=\"image.default\">\n\t\t\t\t<div class=\"elementor-widget-container\">\n\t\t\t\t\t\t\t\t\t\t\t\t\t\t\t<img fetchpriority=\"high\" decoding=\"async\" width=\"2560\" height=\"1707\" src=\"https:\/\/www.hotelfoliedespres.com\/wp-content\/uploads\/2024\/07\/Facade-1-Locomo-scaled.jpg\" class=\"attachment-full size-full wp-image-2656\" alt=\"\" srcset=\"https:\/\/www.hotelfoliedespres.com\/wp-content\/uploads\/2024\/07\/Facade-1-Locomo-scaled.jpg 2560w, https:\/\/www.hotelfoliedespres.com\/wp-content\/uploads\/2024\/07\/Facade-1-Locomo-300x200.jpg 300w, https:\/\/www.hotelfoliedespres.com\/wp-content\/uploads\/2024\/07\/Facade-1-Locomo-1024x683.jpg 1024w, https:\/\/www.hotelfoliedespres.com\/wp-content\/uploads\/2024\/07\/Facade-1-Locomo-768x512.jpg 768w, https:\/\/www.hotelfoliedespres.com\/wp-content\/uploads\/2024\/07\/Facade-1-Locomo-1536x1024.jpg 1536w, https:\/\/www.hotelfoliedespres.com\/wp-content\/uploads\/2024\/07\/Facade-1-Locomo-2048x1365.jpg 2048w, https:\/\/www.hotelfoliedespres.com\/wp-content\/uploads\/2024\/07\/Facade-1-Locomo-18x12.jpg 18w\" sizes=\"(max-width: 2560px) 100vw, 2560px\" title=\"\">\t\t\t\t\t\t\t\t\t\t\t\t\t\t\t<\/div>\n\t\t\t\t<\/div>\n\t\t\t\t<div class=\"elementor-element elementor-element-845a689 elementor-widget__width-initial elementor-widget elementor-widget-image\" data-id=\"845a689\" data-element_type=\"widget\" data-e-type=\"widget\" data-widget_type=\"image.default\">\n\t\t\t\t<div class=\"elementor-widget-container\">\n\t\t\t\t\t\t\t\t\t\t\t\t\t\t\t<img decoding=\"async\" width=\"800\" height=\"542\" src=\"https:\/\/www.hotelfoliedespres.com\/wp-content\/uploads\/2024\/04\/accueillir-1.jpg\" class=\"attachment-full size-full wp-image-487\" alt=\"\" srcset=\"https:\/\/www.hotelfoliedespres.com\/wp-content\/uploads\/2024\/04\/accueillir-1.jpg 800w, https:\/\/www.hotelfoliedespres.com\/wp-content\/uploads\/2024\/04\/accueillir-1-300x203.jpg 300w, https:\/\/www.hotelfoliedespres.com\/wp-content\/uploads\/2024\/04\/accueillir-1-768x520.jpg 768w, https:\/\/www.hotelfoliedespres.com\/wp-content\/uploads\/2024\/04\/accueillir-1-18x12.jpg 18w\" sizes=\"(max-width: 800px) 100vw, 800px\" title=\"\">\t\t\t\t\t\t\t\t\t\t\t\t\t\t\t<\/div>\n\t\t\t\t<\/div>\n\t\t\t\t<div class=\"elementor-element elementor-element-49d9efa elementor-widget__width-initial elementor-widget elementor-widget-image\" data-id=\"49d9efa\" data-element_type=\"widget\" data-e-type=\"widget\" data-widget_type=\"image.default\">\n\t\t\t\t<div class=\"elementor-widget-container\">\n\t\t\t\t\t\t\t\t\t\t\t\t\t\t\t<img decoding=\"async\" width=\"735\" height=\"1103\" src=\"https:\/\/www.hotelfoliedespres.com\/wp-content\/uploads\/2024\/07\/Paris-en-Seine-1.jpeg\" class=\"attachment-full size-full wp-image-2684\" alt=\"\" srcset=\"https:\/\/www.hotelfoliedespres.com\/wp-content\/uploads\/2024\/07\/Paris-en-Seine-1.jpeg 735w, https:\/\/www.hotelfoliedespres.com\/wp-content\/uploads\/2024\/07\/Paris-en-Seine-1-200x300.jpeg 200w, https:\/\/www.hotelfoliedespres.com\/wp-content\/uploads\/2024\/07\/Paris-en-Seine-1-682x1024.jpeg 682w, https:\/\/www.hotelfoliedespres.com\/wp-content\/uploads\/2024\/07\/Paris-en-Seine-1-8x12.jpeg 8w\" sizes=\"(max-width: 735px) 100vw, 735px\" title=\"\">\t\t\t\t\t\t\t\t\t\t\t\t\t\t\t<\/div>\n\t\t\t\t<\/div>\n\t\t\t\t<\/div>\n\t\t<div class=\"elementor-element elementor-element-44809ba e-con-full e-flex e-con e-child\" data-id=\"44809ba\" data-element_type=\"container\" data-e-type=\"container\">\n\t\t<div class=\"elementor-element elementor-element-af066a3 e-con-full e-flex e-con e-child\" data-id=\"af066a3\" data-element_type=\"container\" data-e-type=\"container\">\n\t\t\t\t<div class=\"elementor-element elementor-element-8bdf51e elementor-widget elementor-widget-heading\" data-id=\"8bdf51e\" data-element_type=\"widget\" data-e-type=\"widget\" data-widget_type=\"heading.default\">\n\t\t\t\t<div class=\"elementor-widget-container\">\n\t\t\t\t\t<span class=\"elementor-heading-title elementor-size-default\">\u00bfLas habitaciones son para no fumadores?<\/span>\t\t\t\t<\/div>\n\t\t\t\t<\/div>\n\t\t\t\t<div class=\"elementor-element elementor-element-a264e70 elementor-widget elementor-widget-text-editor\" data-id=\"a264e70\" data-element_type=\"widget\" data-e-type=\"widget\" data-widget_type=\"text-editor.default\">\n\t\t\t\t<div class=\"elementor-widget-container\">\n\t\t\t\t\t\t\t\t\t<p>El hotel La Folie des Pr\u00e9s es <strong>completamente para no fumadores.<\/strong><\/p>\t\t\t\t\t\t\t\t<\/div>\n\t\t\t\t<\/div>\n\t\t\t\t<\/div>\n\t\t<div class=\"elementor-element elementor-element-d71799f e-con-full e-flex e-con e-child\" data-id=\"d71799f\" data-element_type=\"container\" data-e-type=\"container\">\n\t\t\t\t<div class=\"elementor-element elementor-element-e2179d2 elementor-widget elementor-widget-heading\" data-id=\"e2179d2\" data-element_type=\"widget\" data-e-type=\"widget\" data-widget_type=\"heading.default\">\n\t\t\t\t<div class=\"elementor-widget-container\">\n\t\t\t\t\t<span class=\"elementor-heading-title elementor-size-default\">\u00bfEs una zona animada?<\/span>\t\t\t\t<\/div>\n\t\t\t\t<\/div>\n\t\t\t\t<div class=\"elementor-element elementor-element-6d1eda4 elementor-widget elementor-widget-text-editor\" data-id=\"6d1eda4\" data-element_type=\"widget\" data-e-type=\"widget\" data-widget_type=\"text-editor.default\">\n\t\t\t\t<div class=\"elementor-widget-container\">\n\t\t\t\t\t\t\t\t\t<p>El H\u00f4tel de Saint Germain est\u00e1 situado <strong>en el coraz\u00f3n del distrito 6<\/strong>uno de los<br \/>Los barrios m\u00e1s animados y aut\u00e9nticos de Par\u00eds. Cuenta con <strong>cerca de<\/strong><br \/><strong>Bulevar Saint Germain<\/strong> y sus famosas cervecer\u00edas, <strong>el Jard\u00edn de Luxemburgo, el<\/strong><br \/><strong>Lat\u00edn.<\/strong><\/p>\t\t\t\t\t\t\t\t<\/div>\n\t\t\t\t<\/div>\n\t\t\t\t<\/div>\n\t\t<div class=\"elementor-element elementor-element-5f95ae1 e-con-full e-flex e-con e-child\" data-id=\"5f95ae1\" data-element_type=\"container\" data-e-type=\"container\">\n\t\t\t\t<div class=\"elementor-element elementor-element-a76bdb2 elementor-widget elementor-widget-heading\" data-id=\"a76bdb2\" data-element_type=\"widget\" data-e-type=\"widget\" data-widget_type=\"heading.default\">\n\t\t\t\t<div class=\"elementor-widget-container\">\n\t\t\t\t\t<span class=\"elementor-heading-title elementor-size-default\">\u00bfA qu\u00e9 distancia est\u00e1n los monumentos m\u00e1s cercanos?<\/span>\t\t\t\t<\/div>\n\t\t\t\t<\/div>\n\t\t\t\t<div class=\"elementor-element elementor-element-91617ed elementor-widget elementor-widget-text-editor\" data-id=\"91617ed\" data-element_type=\"widget\" data-e-type=\"widget\" data-widget_type=\"text-editor.default\">\n\t\t\t\t<div class=\"elementor-widget-container\">\n\t\t\t\t\t\t\t\t\t<p>March\u00e9 Saint-Germain - 100 m<br \/>Palacio de la Abad\u00eda - 200 m<br \/>Museo Nacional Eug\u00e8ne-Delacroix - 300 m<br \/>Iglesia de San Sulpicio - 300 m<br \/>Teatro del Ode\u00f3n - 300 m<br \/>Abad\u00eda de Saint-Germain-des-Pr\u00e9s - 300 m<br \/>Les Deux Magots - 400 m<br \/>Caf\u00e9 de Fore - 400 m<br \/>Plaza Saint-Germain-des-Pr\u00e9s - 400 m<br \/>Museo del Luxemburgo - 500 m<br \/>Jardines de Luxemburgo - 500 m<br \/>Monnaie de Par\u00eds - 500 m<br \/>Museo Nacional de la Edad Media - 500 m<br \/>Puente Saint-Michel - 600 m<br \/>Academia Francesa - 600 m<br \/>Universidad de la Sorbona - 600 m<\/p>\t\t\t\t\t\t\t\t<\/div>\n\t\t\t\t<\/div>\n\t\t\t\t<\/div>\n\t\t<div class=\"elementor-element elementor-element-404166e e-con-full e-flex e-con e-child\" data-id=\"404166e\" data-element_type=\"container\" data-e-type=\"container\">\n\t\t\t\t<div class=\"elementor-element elementor-element-d1acdc0 elementor-widget elementor-widget-heading\" data-id=\"d1acdc0\" data-element_type=\"widget\" data-e-type=\"widget\" data-widget_type=\"heading.default\">\n\t\t\t\t<div class=\"elementor-widget-container\">\n\t\t\t\t\t<span class=\"elementor-heading-title elementor-size-default\">\u00bfCu\u00e1l es la estaci\u00f3n de metro m\u00e1s cercana y a qu\u00e9 distancia se encuentra?<\/span>\t\t\t\t<\/div>\n\t\t\t\t<\/div>\n\t\t\t\t<div class=\"elementor-element elementor-element-e01096e elementor-widget elementor-widget-text-editor\" data-id=\"e01096e\" data-element_type=\"widget\" data-e-type=\"widget\" data-widget_type=\"text-editor.default\">\n\t\t\t\t<div class=\"elementor-widget-container\">\n\t\t\t\t\t\t\t\t\t<p>La estaci\u00f3n de metro de S\u00e8vre-Babylone se encuentra a 100 metros del hotel y cuenta con los siguientes servicios<br \/><strong>l\u00edneas 10 y 12 de metro<\/strong>. La estaci\u00f3n de Mabillon est\u00e1 a 250 metros.<br \/><strong>servido por la l\u00ednea 10.<\/strong><\/p>\t\t\t\t\t\t\t\t<\/div>\n\t\t\t\t<\/div>\n\t\t\t\t<\/div>\n\t\t<div class=\"elementor-element elementor-element-fd0d499 e-con-full e-flex e-con e-child\" data-id=\"fd0d499\" data-element_type=\"container\" data-e-type=\"container\">\n\t\t\t\t<div class=\"elementor-element elementor-element-afde356 elementor-widget elementor-widget-heading\" data-id=\"afde356\" data-element_type=\"widget\" data-e-type=\"widget\" data-widget_type=\"heading.default\">\n\t\t\t\t<div class=\"elementor-widget-container\">\n\t\t\t\t\t<span class=\"elementor-heading-title elementor-size-default\">\u00bfTiene habitaciones disponibles?<\/span>\t\t\t\t<\/div>\n\t\t\t\t<\/div>\n\t\t\t\t<div class=\"elementor-element elementor-element-954ec38 elementor-widget elementor-widget-text-editor\" data-id=\"954ec38\" data-element_type=\"widget\" data-e-type=\"widget\" data-widget_type=\"text-editor.default\">\n\t\t\t\t<div class=\"elementor-widget-container\">\n\t\t\t\t\t\t\t\t\t<p>Para comprobar la disponibilidad, introduzca las fechas de su viaje.<br \/>en nuestro calendario de reservas.<br \/>Tambi\u00e9n puede ponerse en contacto con nosotros en<strong> +33(0)1 45 48 91 64<\/strong> o por correo electr\u00f3nico a<br \/><strong>bonjour@hotelfoliedespres.com<\/strong><\/p>\t\t\t\t\t\t\t\t<\/div>\n\t\t\t\t<\/div>\n\t\t\t\t<\/div>\n\t\t<div class=\"elementor-element elementor-element-7d67608 e-con-full e-flex e-con e-child\" data-id=\"7d67608\" data-element_type=\"container\" data-e-type=\"container\">\n\t\t\t\t<div class=\"elementor-element elementor-element-9553e4f elementor-widget elementor-widget-heading\" data-id=\"9553e4f\" data-element_type=\"widget\" data-e-type=\"widget\" data-widget_type=\"heading.default\">\n\t\t\t\t<div class=\"elementor-widget-container\">\n\t\t\t\t\t<span class=\"elementor-heading-title elementor-size-default\">\u00bfC\u00f3mo puedo reservar una habitaci\u00f3n en La Folie des Pr\u00e9s?<\/span>\t\t\t\t<\/div>\n\t\t\t\t<\/div>\n\t\t\t\t<div class=\"elementor-element elementor-element-b88626a elementor-widget elementor-widget-text-editor\" data-id=\"b88626a\" data-element_type=\"widget\" data-e-type=\"widget\" data-widget_type=\"text-editor.default\">\n\t\t\t\t<div class=\"elementor-widget-container\">\n\t\t\t\t\t\t\t\t\t<ul><li><strong>En l\u00ednea a trav\u00e9s de nuestro sitio web<\/strong><\/li><li><strong>Por tel\u00e9fono:<\/strong> +33(0)1 45 48 91 64<\/li><li><strong>Por correo :<\/strong> bonjour@hotelfoliedespres.com<\/li><\/ul>\t\t\t\t\t\t\t\t<\/div>\n\t\t\t\t<\/div>\n\t\t\t\t<\/div>\n\t\t\t\t<\/div>\n\t\t\t\t\t<\/div>\n\t\t\t\t<\/div>\n\t\t\t\t<\/div>","protected":false},"excerpt":{"rendered":"<p>A partir de quelle heure peut-on prendre possession de la chambre ? Les arriv\u00e9es se font \u00e0 partir de 15h. Est-ce que les personnes \u00e0 mobilit\u00e9 r\u00e9duites peuvent s\u00e9journer \u00e0 l&rsquo;h\u00f4tel ? L&rsquo;h\u00f4tel n&rsquo;est pas accessible aux personnes \u00e0 mobilit\u00e9 r\u00e9duite. Y-a-t-il un ascenseur \u00e0 l&rsquo;h\u00f4tel de Saint Germain ? L&rsquo;h\u00f4tel La Folie des Pr\u00e9s, [&hellip;]<\/p>\n","protected":false},"author":13,"featured_media":0,"parent":0,"menu_order":0,"comment_status":"closed","ping_status":"closed","template":"","meta":{"inline_featured_image":false,"footnotes":""},"class_list":["post-147","page","type-page","status-publish","hentry"],"_links":{"self":[{"href":"https:\/\/www.hotelfoliedespres.com\/es\/wp-json\/wp\/v2\/pages\/147","targetHints":{"allow":["GET"]}}],"collection":[{"href":"https:\/\/www.hotelfoliedespres.com\/es\/wp-json\/wp\/v2\/pages"}],"about":[{"href":"https:\/\/www.hotelfoliedespres.com\/es\/wp-json\/wp\/v2\/types\/page"}],"author":[{"embeddable":true,"href":"https:\/\/www.hotelfoliedespres.com\/es\/wp-json\/wp\/v2\/users\/13"}],"replies":[{"embeddable":true,"href":"https:\/\/www.hotelfoliedespres.com\/es\/wp-json\/wp\/v2\/comments?post=147"}],"version-history":[{"count":55,"href":"https:\/\/www.hotelfoliedespres.com\/es\/wp-json\/wp\/v2\/pages\/147\/revisions"}],"predecessor-version":[{"id":4344,"href":"https:\/\/www.hotelfoliedespres.com\/es\/wp-json\/wp\/v2\/pages\/147\/revisions\/4344"}],"wp:attachment":[{"href":"https:\/\/www.hotelfoliedespres.com\/es\/wp-json\/wp\/v2\/media?parent=147"}],"curies":[{"name":"wp","href":"https:\/\/api.w.org\/{rel}","templated":true}]}}